{"id":191,"date":"2024-08-08T11:35:30","date_gmt":"2024-08-08T11:35:30","guid":{"rendered":"https:\/\/rarelab.org\/?page_id=191"},"modified":"2025-08-03T12:36:50","modified_gmt":"2025-08-03T12:36:50","slug":"donate","status":"publish","type":"page","link":"https:\/\/rarelab.org\/de\/donate\/","title":{"rendered":"Spende"},"content":{"rendered":"<div class=\"nfd-container nfd-bg-surface nfd-theme-white is-style-nfd-theme-white wp-block-group is-layout-constrained wp-block-group-is-layout-constrained\">\n<div class=\"wp-block-columns is-layout-flex wp-container-core-columns-is-layout-d7d455e7 wp-block-columns-is-layout-flex\" style=\"padding-top:0;padding-right:0;padding-bottom:0;padding-left:0\">\n<div class=\"wp-block-column is-vertically-aligned-top is-layout-flow wp-block-column-is-layout-flow\" style=\"flex-basis:35%\">\n<h2 class=\"wp-block-heading nfd-text-huge nfd-text-primary\">Spende<\/h2>\n<\/div>\n\n\n\n<div class=\"wp-block-column is-vertically-aligned-center is-layout-flow wp-container-core-column-is-layout-8a368f38 wp-block-column-is-layout-flow\" style=\"flex-basis:75%\">\n<p class=\"nfd-text-lg nfd-text-balance nfd-text-contrast has-contrast-color has-text-color has-link-color has-normal-font-size wp-elements-0b78aef39dfeb4da98b0f67ab6551bac\" style=\"font-style:normal;font-weight:400;line-height:1.4\">Danke f\u00fcr dein Interesse unsere Mission zu unterst\u00fctzen!<\/p>\n\n\n\n<div style=\"height:var(--wp--preset--spacing--30)\" aria-hidden=\"true\" class=\"wp-block-spacer\"><\/div>\n<\/div>\n<\/div>\n\n\n\n<div style=\"height:2rem\" aria-hidden=\"true\" class=\"wp-block-spacer\"><\/div>\n\n\n\n<div class=\"wp-block-media-text is-stacked-on-mobile is-image-fill-element\"><figure class=\"wp-block-media-text__media\"><img loading=\"lazy\" decoding=\"async\" width=\"640\" height=\"960\" src=\"https:\/\/i0.wp.com\/rarelab.org\/wp-content\/uploads\/2024\/08\/donate.jpg?fit=200%2C300&amp;ssl=1\" alt=\"\" class=\"wp-image-163 size-medium\" style=\"object-position:48% 64%\" srcset=\"https:\/\/i0.wp.com\/rarelab.org\/wp-content\/uploads\/2024\/08\/donate.jpg?w=640&amp;ssl=1 640w, https:\/\/i0.wp.com\/rarelab.org\/wp-content\/uploads\/2024\/08\/donate.jpg?resize=200%2C300&amp;ssl=1 200w\" sizes=\"auto, (max-width: 640px) 100vw, 640px\" \/><\/figure><div class=\"wp-block-media-text__content\">\n<p class=\"\">While we are not yet officially accepting tax-deductible donations, you can support our startup efforts by contributing to help cover initial costs such as legal fees, outreach, and program development. Your support at this stage is essential in bringing our vision to life!<\/p>\n<\/div><\/div>\n\n\n\n<div class=\"wp-block-group is-layout-constrained wp-block-group-is-layout-constrained\">\n<p class=\"has-contrast-color has-text-color has-link-color wp-elements-847212d78b03acc6e5b3153a4729d467\"><em>Sobald wir vollst\u00e4ndig etabliert sind, werden wir steuerlich absetzbare Spenden annehmen k\u00f6nnen \u2013 wir halten Sie \u00fcber unsere Fortschritte auf dem Laufenden! Melden Sie sich f\u00fcr unseren<\/em> our <a href=\"https:\/\/rarelab.org\/de\/newsletter\/\">newsletter<\/a>,<em> an oder schauen Sie bald wieder vorbei.<\/em><\/p>\n\n\n\n<p class=\"has-contrast-color has-text-color has-link-color wp-elements-be95df160e9d3e887812ece19c0fc472\">Wenn Sie Interesse an einer Partnerschaft haben oder unseren Gr\u00fcndungsprozess unterst\u00fctzen m\u00f6chten, k\u00f6nnen Sie uns gerne <a data-type=\"page\" data-id=\"7\" href=\"https:\/\/rarelab.org\/de\/contact\/\">kontaktieren <\/a>.<\/p>\n\n\n\n<p class=\"\"><\/p>\n<\/div>\n<\/div>\n\n\n\n<p class=\"\"><\/p>","protected":false},"excerpt":{"rendered":"<p>Donate Thank you for your interest in supporting our mission! While we are not yet officially accepting tax-deductible donations, you can support our startup efforts by contributing to help cover initial costs such as legal fees, outreach, and program development. Your support at this stage is essential in bringing our vision to life! Once we [&hellip;]<\/p>\n","protected":false},"author":1,"featured_media":0,"parent":0,"menu_order":0,"comment_status":"closed","ping_status":"closed","template":"","meta":{"nf_dc_page":"","iawp_total_views":30,"footnotes":"","_links_to":"","_links_to_target":""},"class_list":["post-191","page","type-page","status-publish","hentry"],"yoast_head":"<!-- This site is optimized with the Yoast SEO plugin v27.4 - https:\/\/yoast.com\/product\/yoast-seo-wordpress\/ -->\n<title>Donate - RARElab<\/title>\n<meta name=\"description\" content=\"Help support our research and conservation projects by donating. Big or small every donation makes a difference.\" \/>\n<meta name=\"robots\" content=\"index, follow, max-snippet:-1, max-image-preview:large, max-video-preview:-1\" \/>\n<link rel=\"canonical\" href=\"https:\/\/rarelab.org\/de\/donate\/\" \/>\n<meta property=\"og:locale\" content=\"de_DE\" \/>\n<meta property=\"og:type\" content=\"article\" \/>\n<meta property=\"og:title\" content=\"Donate - RARElab\" \/>\n<meta property=\"og:description\" content=\"Help support our research and conservation projects by donating. Big or small every donation makes a difference.\" \/>\n<meta property=\"og:url\" content=\"https:\/\/rarelab.org\/de\/donate\/\" \/>\n<meta property=\"og:site_name\" content=\"RARElab\" \/>\n<meta property=\"article:publisher\" content=\"https:\/\/www.facebook.com\/profile.php?id=61563934012394\" \/>\n<meta property=\"article:modified_time\" content=\"2025-08-03T12:36:50+00:00\" \/>\n<meta property=\"og:image\" content=\"https:\/\/i0.wp.com\/rarelab.org\/wp-content\/uploads\/2024\/08\/donate.jpg?fit=640%2C960&ssl=1\" \/>\n\t<meta property=\"og:image:width\" content=\"640\" \/>\n\t<meta property=\"og:image:height\" content=\"960\" \/>\n\t<meta property=\"og:image:type\" content=\"image\/jpeg\" \/>\n<meta name=\"twitter:card\" content=\"summary_large_image\" \/>\n<meta name=\"twitter:site\" content=\"@RARElab_org\" \/>\n<meta name=\"twitter:label1\" content=\"Gesch\u00e4tzte Lesezeit\" \/>\n\t<meta name=\"twitter:data1\" content=\"1\u00a0Minute\" \/>\n<script type=\"application\/ld+json\" class=\"yoast-schema-graph\">{\"@context\":\"https:\\\/\\\/schema.org\",\"@graph\":[{\"@type\":\"WebPage\",\"@id\":\"https:\\\/\\\/rarelab.org\\\/donate\\\/\",\"url\":\"https:\\\/\\\/rarelab.org\\\/donate\\\/\",\"name\":\"Donate - RARElab\",\"isPartOf\":{\"@id\":\"https:\\\/\\\/woq.dcs.mybluehost.me\\\/#website\"},\"primaryImageOfPage\":{\"@id\":\"https:\\\/\\\/rarelab.org\\\/donate\\\/#primaryimage\"},\"image\":{\"@id\":\"https:\\\/\\\/rarelab.org\\\/donate\\\/#primaryimage\"},\"thumbnailUrl\":\"https:\\\/\\\/i0.wp.com\\\/rarelab.org\\\/wp-content\\\/uploads\\\/2024\\\/08\\\/donate.jpg?fit=200%2C300&amp;ssl=1\",\"datePublished\":\"2024-08-08T11:35:30+00:00\",\"dateModified\":\"2025-08-03T12:36:50+00:00\",\"description\":\"Help support our research and conservation projects by donating. Big or small every donation makes a difference.\",\"breadcrumb\":{\"@id\":\"https:\\\/\\\/rarelab.org\\\/donate\\\/#breadcrumb\"},\"inLanguage\":\"de\",\"potentialAction\":[{\"@type\":\"ReadAction\",\"target\":[\"https:\\\/\\\/rarelab.org\\\/donate\\\/\"]}]},{\"@type\":\"ImageObject\",\"inLanguage\":\"de\",\"@id\":\"https:\\\/\\\/rarelab.org\\\/donate\\\/#primaryimage\",\"url\":\"https:\\\/\\\/i0.wp.com\\\/rarelab.org\\\/wp-content\\\/uploads\\\/2024\\\/08\\\/donate.jpg?fit=200%2C300&amp;ssl=1\",\"contentUrl\":\"https:\\\/\\\/i0.wp.com\\\/rarelab.org\\\/wp-content\\\/uploads\\\/2024\\\/08\\\/donate.jpg?fit=200%2C300&amp;ssl=1\"},{\"@type\":\"BreadcrumbList\",\"@id\":\"https:\\\/\\\/rarelab.org\\\/donate\\\/#breadcrumb\",\"itemListElement\":[{\"@type\":\"ListItem\",\"position\":1,\"name\":\"Home\",\"item\":\"https:\\\/\\\/rarelab.org\\\/\"},{\"@type\":\"ListItem\",\"position\":2,\"name\":\"Donate\"}]},{\"@type\":\"WebSite\",\"@id\":\"https:\\\/\\\/woq.dcs.mybluehost.me\\\/#website\",\"url\":\"https:\\\/\\\/woq.dcs.mybluehost.me\\\/\",\"name\":\"RARElab\",\"description\":\"Conduct cutting-edge research on lost, rare, and understudied species, transforming scientific discoveries into informed, targeted conservation strategies.\",\"publisher\":{\"@id\":\"https:\\\/\\\/woq.dcs.mybluehost.me\\\/#organization\"},\"potentialAction\":[{\"@type\":\"SearchAction\",\"target\":{\"@type\":\"EntryPoint\",\"urlTemplate\":\"https:\\\/\\\/woq.dcs.mybluehost.me\\\/?s={search_term_string}\"},\"query-input\":{\"@type\":\"PropertyValueSpecification\",\"valueRequired\":true,\"valueName\":\"search_term_string\"}}],\"inLanguage\":\"de\"},{\"@type\":\"Organization\",\"@id\":\"https:\\\/\\\/woq.dcs.mybluehost.me\\\/#organization\",\"name\":\"RARElab\",\"url\":\"https:\\\/\\\/woq.dcs.mybluehost.me\\\/\",\"logo\":{\"@type\":\"ImageObject\",\"inLanguage\":\"de\",\"@id\":\"https:\\\/\\\/woq.dcs.mybluehost.me\\\/#\\\/schema\\\/logo\\\/image\\\/\",\"url\":\"https:\\\/\\\/i0.wp.com\\\/rarelab.org\\\/wp-content\\\/uploads\\\/2024\\\/08\\\/logorarelab_no_textsvg-png.webp?fit=215%2C215&ssl=1\",\"contentUrl\":\"https:\\\/\\\/i0.wp.com\\\/rarelab.org\\\/wp-content\\\/uploads\\\/2024\\\/08\\\/logorarelab_no_textsvg-png.webp?fit=215%2C215&ssl=1\",\"width\":215,\"height\":215,\"caption\":\"RARElab\"},\"image\":{\"@id\":\"https:\\\/\\\/woq.dcs.mybluehost.me\\\/#\\\/schema\\\/logo\\\/image\\\/\"},\"sameAs\":[\"https:\\\/\\\/www.facebook.com\\\/profile.php?id=61563934012394\",\"https:\\\/\\\/x.com\\\/RARElab_org\"]}]}<\/script>\n<!-- \/ Yoast SEO plugin. -->","yoast_head_json":{"title":"Donate - RARElab","description":"Help support our research and conservation projects by donating. Big or small every donation makes a difference.","robots":{"index":"index","follow":"follow","max-snippet":"max-snippet:-1","max-image-preview":"max-image-preview:large","max-video-preview":"max-video-preview:-1"},"canonical":"https:\/\/rarelab.org\/de\/donate\/","og_locale":"de_DE","og_type":"article","og_title":"Donate - RARElab","og_description":"Help support our research and conservation projects by donating. Big or small every donation makes a difference.","og_url":"https:\/\/rarelab.org\/de\/donate\/","og_site_name":"RARElab","article_publisher":"https:\/\/www.facebook.com\/profile.php?id=61563934012394","article_modified_time":"2025-08-03T12:36:50+00:00","og_image":[{"width":640,"height":960,"url":"https:\/\/i0.wp.com\/rarelab.org\/wp-content\/uploads\/2024\/08\/donate.jpg?fit=640%2C960&ssl=1","type":"image\/jpeg"}],"twitter_card":"summary_large_image","twitter_site":"@RARElab_org","twitter_misc":{"Gesch\u00e4tzte Lesezeit":"1\u00a0Minute"},"schema":{"@context":"https:\/\/schema.org","@graph":[{"@type":"WebPage","@id":"https:\/\/rarelab.org\/donate\/","url":"https:\/\/rarelab.org\/donate\/","name":"Donate - RARElab","isPartOf":{"@id":"https:\/\/woq.dcs.mybluehost.me\/#website"},"primaryImageOfPage":{"@id":"https:\/\/rarelab.org\/donate\/#primaryimage"},"image":{"@id":"https:\/\/rarelab.org\/donate\/#primaryimage"},"thumbnailUrl":"https:\/\/i0.wp.com\/rarelab.org\/wp-content\/uploads\/2024\/08\/donate.jpg?fit=200%2C300&amp;ssl=1","datePublished":"2024-08-08T11:35:30+00:00","dateModified":"2025-08-03T12:36:50+00:00","description":"Help support our research and conservation projects by donating. Big or small every donation makes a difference.","breadcrumb":{"@id":"https:\/\/rarelab.org\/donate\/#breadcrumb"},"inLanguage":"de","potentialAction":[{"@type":"ReadAction","target":["https:\/\/rarelab.org\/donate\/"]}]},{"@type":"ImageObject","inLanguage":"de","@id":"https:\/\/rarelab.org\/donate\/#primaryimage","url":"https:\/\/i0.wp.com\/rarelab.org\/wp-content\/uploads\/2024\/08\/donate.jpg?fit=200%2C300&amp;ssl=1","contentUrl":"https:\/\/i0.wp.com\/rarelab.org\/wp-content\/uploads\/2024\/08\/donate.jpg?fit=200%2C300&amp;ssl=1"},{"@type":"BreadcrumbList","@id":"https:\/\/rarelab.org\/donate\/#breadcrumb","itemListElement":[{"@type":"ListItem","position":1,"name":"Home","item":"https:\/\/rarelab.org\/"},{"@type":"ListItem","position":2,"name":"Donate"}]},{"@type":"WebSite","@id":"https:\/\/woq.dcs.mybluehost.me\/#website","url":"https:\/\/woq.dcs.mybluehost.me\/","name":"RARElab","description":"Conduct cutting-edge research on lost, rare, and understudied species, transforming scientific discoveries into informed, targeted conservation strategies.","publisher":{"@id":"https:\/\/woq.dcs.mybluehost.me\/#organization"},"potentialAction":[{"@type":"SearchAction","target":{"@type":"EntryPoint","urlTemplate":"https:\/\/woq.dcs.mybluehost.me\/?s={search_term_string}"},"query-input":{"@type":"PropertyValueSpecification","valueRequired":true,"valueName":"search_term_string"}}],"inLanguage":"de"},{"@type":"Organization","@id":"https:\/\/woq.dcs.mybluehost.me\/#organization","name":"RARElab","url":"https:\/\/woq.dcs.mybluehost.me\/","logo":{"@type":"ImageObject","inLanguage":"de","@id":"https:\/\/woq.dcs.mybluehost.me\/#\/schema\/logo\/image\/","url":"https:\/\/i0.wp.com\/rarelab.org\/wp-content\/uploads\/2024\/08\/logorarelab_no_textsvg-png.webp?fit=215%2C215&ssl=1","contentUrl":"https:\/\/i0.wp.com\/rarelab.org\/wp-content\/uploads\/2024\/08\/logorarelab_no_textsvg-png.webp?fit=215%2C215&ssl=1","width":215,"height":215,"caption":"RARElab"},"image":{"@id":"https:\/\/woq.dcs.mybluehost.me\/#\/schema\/logo\/image\/"},"sameAs":["https:\/\/www.facebook.com\/profile.php?id=61563934012394","https:\/\/x.com\/RARElab_org"]}]}},"_links":{"self":[{"href":"https:\/\/rarelab.org\/de\/wp-json\/wp\/v2\/pages\/191","targetHints":{"allow":["GET"]}}],"collection":[{"href":"https:\/\/rarelab.org\/de\/wp-json\/wp\/v2\/pages"}],"about":[{"href":"https:\/\/rarelab.org\/de\/wp-json\/wp\/v2\/types\/page"}],"author":[{"embeddable":true,"href":"https:\/\/rarelab.org\/de\/wp-json\/wp\/v2\/users\/1"}],"replies":[{"embeddable":true,"href":"https:\/\/rarelab.org\/de\/wp-json\/wp\/v2\/comments?post=191"}],"version-history":[{"count":15,"href":"https:\/\/rarelab.org\/de\/wp-json\/wp\/v2\/pages\/191\/revisions"}],"predecessor-version":[{"id":726,"href":"https:\/\/rarelab.org\/de\/wp-json\/wp\/v2\/pages\/191\/revisions\/726"}],"wp:attachment":[{"href":"https:\/\/rarelab.org\/de\/wp-json\/wp\/v2\/media?parent=191"}],"curies":[{"name":"wp","href":"https:\/\/api.w.org\/{rel}","templated":true}]}}