{"id":3,"date":"2024-03-31T10:01:23","date_gmt":"2024-03-31T10:01:23","guid":{"rendered":"http:\/\/box5765\/cgi\/addon_GT.cgi?s=GT::WP::Install::Cpanel+%28woqdcsmy%29+-+127.0.0.1+%5Bnocaller%5D\/?page_id=3"},"modified":"2025-07-10T07:28:29","modified_gmt":"2025-07-10T07:28:29","slug":"legal-notice","status":"publish","type":"page","link":"https:\/\/rarelab.org\/de\/legal-notice\/","title":{"rendered":"Datenschutzerkl\u00e4rung"},"content":{"rendered":"<div class=\"nfd-container nfd-bg-surface nfd-theme-white is-style-nfd-theme-white wp-block-group is-layout-constrained wp-block-group-is-layout-constrained\">\n<h1 class=\"wp-block-heading\" id=\"privacy-policy\">Datenschutzerkl\u00e4rung<\/h1>\n\n\n\n<h2 class=\"wp-block-heading\" id=\"1-name-and-contact-details-of-the-controller\">1. Name und Kontaktdaten des Verantwortlichen<\/h2>\n\n\n\n<p class=\"\">RARElab Science &amp; Conservation<br>Andrew Fairbairn &amp; Annika Neuhaus<br>Adalbert-Stifter-Str. 12<br>85356 Freising<br>Germany<\/p>\n\n\n\n<p class=\"\">Phone: 0176 0562 0194<br>E-mail:&nbsp;<a rel=\"noreferrer noopener\" target=\"_blank\" href=\"mailto:admin@rarelab.org\">admin@rarelab.org<\/a><br>Website:&nbsp;<a rel=\"noreferrer noopener\" target=\"_blank\" href=\"https:\/\/rarelab.org\/de\/\">www.rarelab.org<\/a><\/p>\n\n\n\n<hr class=\"wp-block-separator has-alpha-channel-opacity\"\/>\n\n\n\n<h2 class=\"wp-block-heading\" id=\"2-general-information-on-data-processing\">2. Allgemeine Hinweise zur Datenverarbeitung<\/h2>\n\n\n\n<p class=\"\">Wir nehmen den Schutz Ihrer pers\u00f6nlichen Daten sehr ernst. Personenbezogene Daten werden auf dieser Website nur im notwendigen Umfang erhoben. Die Verarbeitung erfolgt gem\u00e4\u00df den gesetzlichen Datenschutzvorschriften, insbesondere der Datenschutz-Grundverordnung (DSGVO).<\/p>\n\n\n\n<hr class=\"wp-block-separator has-alpha-channel-opacity\"\/>\n\n\n\n<h2 class=\"wp-block-heading\" id=\"3-collection-and-storage-of-personal-data-as-well\">3. Erhebung und Speicherung personenbezogener Daten sowie Art und Zweck von deren Verwendung<\/h2>\n\n\n\n<h3 class=\"wp-block-heading\">a) Beim Besuch der Website<\/h3>\n\n\n\n<p class=\"\">Beim Besuch dieser Website werden personenbezogene Daten verarbeitet.<br><strong>Verarbeitete Datenkategorien:<\/strong><\/p>\n\n\n\n<ul class=\"wp-block-list\">\n<li class=\"\">Technische Verbindungsdaten des Serverzugriffs (IP-Adresse, Datum, Uhrzeit, abgefragte Seite, Browser-Informationen).<\/li>\n<\/ul>\n\n\n\n<p class=\"\"><strong>Zweck der Verarbeitung:<\/strong><\/p>\n\n\n\n<ul class=\"wp-block-list\">\n<li class=\"\">\u00dcberwachung der technischen Funktion und zur Erh\u00f6hung der Betriebssicherheit unseres Webservers,<\/li>\n\n\n\n<li class=\"\">Auslieferung und Bereitstellung der Website,<\/li>\n\n\n\n<li class=\"\">Anonymisierung und Erstellung von Statistiken.<\/li>\n<\/ul>\n\n\n\n<p class=\"\"><strong>Rechtsgrundlage:<\/strong><\/p>\n\n\n\n<ul class=\"wp-block-list\">\n<li class=\"\">Ein berechtigtes Interesse, das die Rechte und Freiheiten der betroffenen Personen \u00fcberwiegt (Art. 6 (1) f DSGVO).<\/li>\n\n\n\n<li class=\"\">Berechtigtes Interesse: Starkes wirtschaftliches Interesse an einem sicheren und funktionierenden Betrieb der technischen Systeme.<\/li>\n<\/ul>\n\n\n\n<p class=\"\"><strong>Empf\u00e4nger \/ Auftragsverarbeiter:<\/strong><\/p>\n\n\n\n<ul class=\"wp-block-list\">\n<li class=\"\">Eine \u00dcbermittlung von Daten erfolgt an den Auftragsverarbeiter&nbsp;<strong>Bluehost, Inc., 10 Corporate Drive, Burlington, MA 01803, USA<\/strong>.<\/li>\n\n\n\n<li class=\"\">Dies kann auch eine \u00dcbermittlung von personenbezogenen Daten in ein Land au\u00dferhalb der Europ\u00e4ischen Union bedeuten.<\/li>\n\n\n\n<li class=\"\">Die \u00dcbermittlung der Daten erfolgt aufgrund von Standarddatenschutzklauseln, die von der Kommission gem\u00e4\u00df dem Pr\u00fcfverfahren nach Artikel 93 Absatz 2 DSGVO erlassen wurden.<\/li>\n<\/ul>\n\n\n\n<hr class=\"wp-block-separator has-alpha-channel-opacity\"\/>\n\n\n\n<h3 class=\"wp-block-heading\">b) Kontaktformular<\/h3>\n\n\n\n<p class=\"\">Wenn Sie uns per Kontaktformular Anfragen zukommen lassen, werden Ihre Angaben aus dem Formular inklusive der von Ihnen dort angegebenen Kontaktdaten zur Bearbeitung der Anfrage und f\u00fcr den Fall von Anschlussfragen bei uns gespeichert.<\/p>\n\n\n\n<p class=\"\"><strong>Rechtsgrundlage:<\/strong><\/p>\n\n\n\n<ul class=\"wp-block-list\">\n<li class=\"\">Art. 6 Abs. 1 lit. f DSGVO (berechtigtes Interesse an der Bearbeitung der Anfrage)<\/li>\n\n\n\n<li class=\"\">oder, falls eine Einwilligung eingeholt wurde, Art. 6 Abs. 1 lit. a DSGVO.<\/li>\n<\/ul>\n\n\n\n<hr class=\"wp-block-separator has-alpha-channel-opacity\"\/>\n\n\n\n<h3 class=\"wp-block-heading\">c) Newsletter<\/h3>\n\n\n\n<p class=\"\">Bei Anmeldung bei unserem Newsletter verarbeiten wir personenbezogene Daten.<br><strong>Verarbeitete Datenkategorien:<\/strong><\/p>\n\n\n\n<ul class=\"wp-block-list\">\n<li class=\"\">Daten zur Erstellung von Nutzungsstatistiken,<\/li>\n\n\n\n<li class=\"\">Daten \u00fcber die Nutzung der Website sowie die Protokollierung von Klicks auf einzelne Elemente,<\/li>\n\n\n\n<li class=\"\">Kontaktdaten wie Name oder E-Mail-Adresse.<\/li>\n<\/ul>\n\n\n\n<p class=\"\"><strong>Zweck der Verarbeitung:<\/strong><\/p>\n\n\n\n<ul class=\"wp-block-list\">\n<li class=\"\">Untersuchung des Nutzungsverhaltens,<\/li>\n\n\n\n<li class=\"\">elektronische Zusendung von Direktwerbung,<\/li>\n\n\n\n<li class=\"\">Optimierung von Inhalten.<\/li>\n<\/ul>\n\n\n\n<p class=\"\"><strong>Rechtsgrundlage:<\/strong><\/p>\n\n\n\n<ul class=\"wp-block-list\">\n<li class=\"\">Die Rechtsgrundlage f\u00fcr die Verarbeitung ist Ihre Einwilligung gem\u00e4\u00df Art. 6 Abs. 1 lit. a DSGVO.<\/li>\n<\/ul>\n\n\n\n<p class=\"\"><strong>Empf\u00e4nger \/ Auftragsverarbeiter:<\/strong><\/p>\n\n\n\n<ul class=\"wp-block-list\">\n<li class=\"\">Eine \u00dcbermittlung von Daten erfolgt an den Auftragsverarbeiter&nbsp;<strong>Wysija SARL, 6 rue Dieud\u00e9, 13006 Marseille, France<\/strong>.<\/li>\n<\/ul>\n\n\n\n<hr class=\"wp-block-separator has-alpha-channel-opacity\"\/>\n\n\n\n<h2 class=\"wp-block-heading\" id=\"4-cookies\">4. Cookies<\/h2>\n\n\n\n<p class=\"\">Unsere Website verwendet ausschlie\u00dflich technisch notwendige Cookies, die f\u00fcr den Betrieb und die Sicherheit der Website erforderlich sind (z.B. zur Sitzungsverwaltung oder zum Schutz vor Angriffen). Diese Cookies erfordern gem\u00e4\u00df DSGVO keine Einwilligung. Sie k\u00f6nnen in den Einstellungen Ihres Browsers das Setzen von Cookies verhindern, in diesem Fall kann es jedoch zu Einschr\u00e4nkungen in der Funktionalit\u00e4t der Website kommen.<\/p>\n\n\n\n<hr class=\"wp-block-separator has-alpha-channel-opacity\"\/>\n\n\n\n<h2 class=\"wp-block-heading\" id=\"5-recipients-of-data--disclosure-to-third-parties\">5. Empf\u00e4nger der Daten \/ Weitergabe an Dritte<\/h2>\n\n\n\n<p class=\"\">Eine \u00dcbermittlung Ihrer pers\u00f6nlichen Daten an Dritte zu anderen als den oben genannten Zwecken findet nicht statt.<\/p>\n\n\n\n<hr class=\"wp-block-separator has-alpha-channel-opacity\"\/>\n\n\n\n<h2 class=\"wp-block-heading\" id=\"6-data-transfer-to-third-countries\">6. Daten\u00fcbermittlung in Drittl\u00e4nder<\/h2>\n\n\n\n<p class=\"\">Eine \u00dcbermittlung personenbezogener Daten in ein Drittland erfolgt nur im Rahmen der Nutzung von Hosting- oder Newsletter-Dienstleistern, sofern dies zur Vertragserf\u00fcllung erforderlich ist.<br><strong>Rechtsgrundlage:<\/strong>&nbsp;<\/p>\n\n\n\n<ul class=\"wp-block-list\">\n<li class=\"\">Standarddatenschutzklauseln der EU-Kommission gem\u00e4\u00df Art. 46 DSGVO.<\/li>\n<\/ul>\n\n\n\n<hr class=\"wp-block-separator has-alpha-channel-opacity\"\/>\n\n\n\n<h2 class=\"wp-block-heading\" id=\"7-rights-of-data-subjects\">7. Betroffenenrechte<\/h2>\n\n\n\n<p class=\"\">Sie haben das Recht:<\/p>\n\n\n\n<ul class=\"wp-block-list\">\n<li class=\"\">gem\u00e4\u00df Art. 15 DSGVO Auskunft \u00fcber Ihre von uns verarbeiteten personenbezogenen Daten zu verlangen<\/li>\n\n\n\n<li class=\"\">gem\u00e4\u00df Art. 16 DSGVO unverz\u00fcglich die Berichtigung unrichtiger oder Vervollst\u00e4ndigung Ihrer bei uns gespeicherten personenbezogenen Daten zu verlangen<\/li>\n\n\n\n<li class=\"\">gem\u00e4\u00df Art. 17 DSGVO die L\u00f6schung Ihrer bei uns gespeicherten personenbezogenen Daten zu verlangen<\/li>\n\n\n\n<li class=\"\">gem\u00e4\u00df Art. 18 DSGVO die Einschr\u00e4nkung der Verarbeitung Ihrer personenbezogenen Daten zu verlangen<\/li>\n\n\n\n<li class=\"\">gem\u00e4\u00df Art. 20 DSGVO Ihre personenbezogenen Daten, die Sie uns bereitgestellt haben, in einem strukturierten, g\u00e4ngigen und maschinenlesbaren Format zu erhalten oder die \u00dcbermittlung an einen anderen Verantwortlichen zu verlangen<\/li>\n\n\n\n<li class=\"\">gem\u00e4\u00df Art. 77 DSGVO sich bei einer Aufsichtsbeh\u00f6rde zu beschweren<\/li>\n<\/ul>\n\n\n\n<hr class=\"wp-block-separator has-alpha-channel-opacity\"\/>\n\n\n\n<h2 class=\"wp-block-heading\" id=\"8-updates-and-changes-to-this-privacy-policy\">8. Aktualit\u00e4t und \u00c4nderung dieser Datenschutzerkl\u00e4rung<\/h2>\n\n\n\n<p class=\"\">Diese Datenschutzerkl\u00e4rung ist aktuell g\u00fcltig und hat den Stand 04.06.2025. Durch die Weiterentwicklung unserer Website und Angebote oder aufgrund ge\u00e4nderter gesetzlicher beziehungsweise beh\u00f6rdlicher Vorgaben kann es notwendig werden, diese Datenschutzerkl\u00e4rung zu \u00e4ndern.<\/p>\n<\/div>","protected":false},"excerpt":{"rendered":"<p>Privacy Policy 1. Name and Contact Details of the Controller RARElab Science &amp; ConservationAndrew Fairbairn &amp; Annika NeuhausAdalbert-Stifter-Str. 1285356 FreisingGermany Phone: 0176 0562 0194E-mail:&nbsp;admin@rarelab.orgWebsite:&nbsp;www.rarelab.org 2. General Information on Data Processing We take the protection of your personal data very seriously. Personal data is collected on this website only to the extent necessary. Processing is carried [&hellip;]<\/p>\n","protected":false},"author":1,"featured_media":0,"parent":0,"menu_order":0,"comment_status":"closed","ping_status":"closed","template":"","meta":{"nf_dc_page":"","iawp_total_views":51,"footnotes":"","_links_to":"","_links_to_target":""},"class_list":["post-3","page","type-page","status-publish","hentry"],"yoast_head":"<!-- This site is optimized with the Yoast SEO plugin v27.4 - https:\/\/yoast.com\/product\/yoast-seo-wordpress\/ -->\n<title>Privacy Policy - RARElab<\/title>\n<meta name=\"description\" content=\"Essential legal information about our website, including ownership details, contact information, and regulatory compliance\" \/>\n<meta name=\"robots\" content=\"index, follow, max-snippet:-1, max-image-preview:large, max-video-preview:-1\" \/>\n<link rel=\"canonical\" href=\"https:\/\/rarelab.org\/de\/legal-notice\/\" \/>\n<meta property=\"og:locale\" content=\"de_DE\" \/>\n<meta property=\"og:type\" content=\"article\" \/>\n<meta property=\"og:title\" content=\"Privacy Policy - RARElab\" \/>\n<meta property=\"og:description\" content=\"Essential legal information about our website, including ownership details, contact information, and regulatory compliance\" \/>\n<meta property=\"og:url\" content=\"https:\/\/rarelab.org\/de\/legal-notice\/\" \/>\n<meta property=\"og:site_name\" content=\"RARElab\" \/>\n<meta property=\"article:publisher\" content=\"https:\/\/www.facebook.com\/profile.php?id=61563934012394\" \/>\n<meta property=\"article:modified_time\" content=\"2025-07-10T07:28:29+00:00\" \/>\n<meta name=\"twitter:card\" content=\"summary_large_image\" \/>\n<meta name=\"twitter:site\" content=\"@RARElab_org\" \/>\n<meta name=\"twitter:label1\" content=\"Gesch\u00e4tzte Lesezeit\" \/>\n\t<meta name=\"twitter:data1\" content=\"4\u00a0Minuten\" \/>\n<script type=\"application\/ld+json\" class=\"yoast-schema-graph\">{\"@context\":\"https:\\\/\\\/schema.org\",\"@graph\":[{\"@type\":\"WebPage\",\"@id\":\"https:\\\/\\\/rarelab.org\\\/legal-notice\\\/\",\"url\":\"https:\\\/\\\/rarelab.org\\\/legal-notice\\\/\",\"name\":\"Privacy Policy - RARElab\",\"isPartOf\":{\"@id\":\"https:\\\/\\\/woq.dcs.mybluehost.me\\\/#website\"},\"datePublished\":\"2024-03-31T10:01:23+00:00\",\"dateModified\":\"2025-07-10T07:28:29+00:00\",\"description\":\"Essential legal information about our website, including ownership details, contact information, and regulatory compliance\",\"breadcrumb\":{\"@id\":\"https:\\\/\\\/rarelab.org\\\/legal-notice\\\/#breadcrumb\"},\"inLanguage\":\"de\",\"potentialAction\":[{\"@type\":\"ReadAction\",\"target\":[\"https:\\\/\\\/rarelab.org\\\/legal-notice\\\/\"]}]},{\"@type\":\"BreadcrumbList\",\"@id\":\"https:\\\/\\\/rarelab.org\\\/legal-notice\\\/#breadcrumb\",\"itemListElement\":[{\"@type\":\"ListItem\",\"position\":1,\"name\":\"Home\",\"item\":\"https:\\\/\\\/rarelab.org\\\/\"},{\"@type\":\"ListItem\",\"position\":2,\"name\":\"Privacy Policy\"}]},{\"@type\":\"WebSite\",\"@id\":\"https:\\\/\\\/woq.dcs.mybluehost.me\\\/#website\",\"url\":\"https:\\\/\\\/woq.dcs.mybluehost.me\\\/\",\"name\":\"RARElab\",\"description\":\"Conduct cutting-edge research on lost, rare, and understudied species, transforming scientific discoveries into informed, targeted conservation strategies.\",\"publisher\":{\"@id\":\"https:\\\/\\\/woq.dcs.mybluehost.me\\\/#organization\"},\"potentialAction\":[{\"@type\":\"SearchAction\",\"target\":{\"@type\":\"EntryPoint\",\"urlTemplate\":\"https:\\\/\\\/woq.dcs.mybluehost.me\\\/?s={search_term_string}\"},\"query-input\":{\"@type\":\"PropertyValueSpecification\",\"valueRequired\":true,\"valueName\":\"search_term_string\"}}],\"inLanguage\":\"de\"},{\"@type\":\"Organization\",\"@id\":\"https:\\\/\\\/woq.dcs.mybluehost.me\\\/#organization\",\"name\":\"RARElab\",\"url\":\"https:\\\/\\\/woq.dcs.mybluehost.me\\\/\",\"logo\":{\"@type\":\"ImageObject\",\"inLanguage\":\"de\",\"@id\":\"https:\\\/\\\/woq.dcs.mybluehost.me\\\/#\\\/schema\\\/logo\\\/image\\\/\",\"url\":\"https:\\\/\\\/i0.wp.com\\\/rarelab.org\\\/wp-content\\\/uploads\\\/2024\\\/08\\\/logorarelab_no_textsvg-png.webp?fit=215%2C215&ssl=1\",\"contentUrl\":\"https:\\\/\\\/i0.wp.com\\\/rarelab.org\\\/wp-content\\\/uploads\\\/2024\\\/08\\\/logorarelab_no_textsvg-png.webp?fit=215%2C215&ssl=1\",\"width\":215,\"height\":215,\"caption\":\"RARElab\"},\"image\":{\"@id\":\"https:\\\/\\\/woq.dcs.mybluehost.me\\\/#\\\/schema\\\/logo\\\/image\\\/\"},\"sameAs\":[\"https:\\\/\\\/www.facebook.com\\\/profile.php?id=61563934012394\",\"https:\\\/\\\/x.com\\\/RARElab_org\"]}]}<\/script>\n<!-- \/ Yoast SEO plugin. -->","yoast_head_json":{"title":"Privacy Policy - RARElab","description":"Essential legal information about our website, including ownership details, contact information, and regulatory compliance","robots":{"index":"index","follow":"follow","max-snippet":"max-snippet:-1","max-image-preview":"max-image-preview:large","max-video-preview":"max-video-preview:-1"},"canonical":"https:\/\/rarelab.org\/de\/legal-notice\/","og_locale":"de_DE","og_type":"article","og_title":"Privacy Policy - RARElab","og_description":"Essential legal information about our website, including ownership details, contact information, and regulatory compliance","og_url":"https:\/\/rarelab.org\/de\/legal-notice\/","og_site_name":"RARElab","article_publisher":"https:\/\/www.facebook.com\/profile.php?id=61563934012394","article_modified_time":"2025-07-10T07:28:29+00:00","twitter_card":"summary_large_image","twitter_site":"@RARElab_org","twitter_misc":{"Gesch\u00e4tzte Lesezeit":"4\u00a0Minuten"},"schema":{"@context":"https:\/\/schema.org","@graph":[{"@type":"WebPage","@id":"https:\/\/rarelab.org\/legal-notice\/","url":"https:\/\/rarelab.org\/legal-notice\/","name":"Privacy Policy - RARElab","isPartOf":{"@id":"https:\/\/woq.dcs.mybluehost.me\/#website"},"datePublished":"2024-03-31T10:01:23+00:00","dateModified":"2025-07-10T07:28:29+00:00","description":"Essential legal information about our website, including ownership details, contact information, and regulatory compliance","breadcrumb":{"@id":"https:\/\/rarelab.org\/legal-notice\/#breadcrumb"},"inLanguage":"de","potentialAction":[{"@type":"ReadAction","target":["https:\/\/rarelab.org\/legal-notice\/"]}]},{"@type":"BreadcrumbList","@id":"https:\/\/rarelab.org\/legal-notice\/#breadcrumb","itemListElement":[{"@type":"ListItem","position":1,"name":"Home","item":"https:\/\/rarelab.org\/"},{"@type":"ListItem","position":2,"name":"Privacy Policy"}]},{"@type":"WebSite","@id":"https:\/\/woq.dcs.mybluehost.me\/#website","url":"https:\/\/woq.dcs.mybluehost.me\/","name":"RARElab","description":"Conduct cutting-edge research on lost, rare, and understudied species, transforming scientific discoveries into informed, targeted conservation strategies.","publisher":{"@id":"https:\/\/woq.dcs.mybluehost.me\/#organization"},"potentialAction":[{"@type":"SearchAction","target":{"@type":"EntryPoint","urlTemplate":"https:\/\/woq.dcs.mybluehost.me\/?s={search_term_string}"},"query-input":{"@type":"PropertyValueSpecification","valueRequired":true,"valueName":"search_term_string"}}],"inLanguage":"de"},{"@type":"Organization","@id":"https:\/\/woq.dcs.mybluehost.me\/#organization","name":"RARElab","url":"https:\/\/woq.dcs.mybluehost.me\/","logo":{"@type":"ImageObject","inLanguage":"de","@id":"https:\/\/woq.dcs.mybluehost.me\/#\/schema\/logo\/image\/","url":"https:\/\/i0.wp.com\/rarelab.org\/wp-content\/uploads\/2024\/08\/logorarelab_no_textsvg-png.webp?fit=215%2C215&ssl=1","contentUrl":"https:\/\/i0.wp.com\/rarelab.org\/wp-content\/uploads\/2024\/08\/logorarelab_no_textsvg-png.webp?fit=215%2C215&ssl=1","width":215,"height":215,"caption":"RARElab"},"image":{"@id":"https:\/\/woq.dcs.mybluehost.me\/#\/schema\/logo\/image\/"},"sameAs":["https:\/\/www.facebook.com\/profile.php?id=61563934012394","https:\/\/x.com\/RARElab_org"]}]}},"_links":{"self":[{"href":"https:\/\/rarelab.org\/de\/wp-json\/wp\/v2\/pages\/3","targetHints":{"allow":["GET"]}}],"collection":[{"href":"https:\/\/rarelab.org\/de\/wp-json\/wp\/v2\/pages"}],"about":[{"href":"https:\/\/rarelab.org\/de\/wp-json\/wp\/v2\/types\/page"}],"author":[{"embeddable":true,"href":"https:\/\/rarelab.org\/de\/wp-json\/wp\/v2\/users\/1"}],"replies":[{"embeddable":true,"href":"https:\/\/rarelab.org\/de\/wp-json\/wp\/v2\/comments?post=3"}],"version-history":[{"count":12,"href":"https:\/\/rarelab.org\/de\/wp-json\/wp\/v2\/pages\/3\/revisions"}],"predecessor-version":[{"id":703,"href":"https:\/\/rarelab.org\/de\/wp-json\/wp\/v2\/pages\/3\/revisions\/703"}],"wp:attachment":[{"href":"https:\/\/rarelab.org\/de\/wp-json\/wp\/v2\/media?parent=3"}],"curies":[{"name":"wp","href":"https:\/\/api.w.org\/{rel}","templated":true}]}}