{"id":667,"date":"2025-04-27T06:09:36","date_gmt":"2025-04-27T06:09:36","guid":{"rendered":"https:\/\/rarelab.org\/?page_id=667"},"modified":"2026-04-02T08:58:43","modified_gmt":"2026-04-02T08:58:43","slug":"impressum","status":"publish","type":"page","link":"https:\/\/rarelab.org\/de\/impressum\/","title":{"rendered":"Impressum"},"content":{"rendered":"<div class=\"nfd-container nfd-bg-surface nfd-theme-white is-style-nfd-theme-white wp-block-group is-layout-constrained wp-block-group-is-layout-constrained\">\n<div class=\"wp-block-columns is-layout-flex wp-container-core-columns-is-layout-d7d455e7 wp-block-columns-is-layout-flex\" style=\"padding-top:0;padding-right:0;padding-bottom:0;padding-left:0\">\n<div class=\"wp-block-column is-vertically-aligned-top is-layout-flow wp-block-column-is-layout-flow\" style=\"flex-basis:35%\">\n<h2 class=\"wp-block-heading nfd-text-huge nfd-text-primary\">Impressum<\/h2>\n<\/div>\n\n\n\n<div class=\"wp-block-column is-vertically-aligned-center is-layout-flow wp-container-core-column-is-layout-8a368f38 wp-block-column-is-layout-flow\" style=\"flex-basis:75%\">\n<p class=\"nfd-text-lg nfd-text-balance nfd-text-contrast has-normal-font-size\" style=\"font-style:normal;font-weight:400;line-height:1.4\"><\/p>\n\n\n\n<div style=\"height:var(--wp--preset--spacing--30)\" aria-hidden=\"true\" class=\"wp-block-spacer\"><\/div>\n<\/div>\n<\/div>\n\n\n\n<div style=\"height:var(--wp--preset--spacing--30)\" aria-hidden=\"true\" class=\"wp-block-spacer\"><\/div>\n\n\n\n<p class=\"\"><strong>Angaben gem\u00e4\u00df \u00a7 5 DDG<\/strong><\/p>\n\n\n\n<p class=\"\">Anbieter:<br>RARElab Science &amp; Conservation gUG (haftungsbeschr\u00e4nkt) i.Gr.<br>Handelsregister: noch nicht eingetragen, da Gesellschaft in Gr\u00fcndung, Amtsgericht F\u00fcrstenfeldbruck<br>Gesch\u00e4ftsf\u00fchrer: Dr. Andrew J. Fairbairn &amp; Dr. Annika Neuhaus<br>Wangener Str. 2, <br>82319 Starnberg<br>Deutschland<\/p>\n\n\n\n<p class=\"\">Kontakt:<br>Telefon: 0176 0562 0194<br>E-Mail: <a>admin@rarelab.org<\/a><br>Website: <a class=\"\" href=\"https:\/\/rarelab.org\/de\/\">www.rarelab.org<\/a><\/p>\n\n\n\n<p class=\"\">Verantwortlich f\u00fcr den Inhalt nach \u00a7 18 Abs. 2 MStV:<br>Dr. Andrew J. Fairbairn &amp; Dr. Annika Neuhaus<br>Wangener Str. 2, <br>82319 Starnberg<br>Deutschland<\/p>\n<\/div>","protected":false},"excerpt":{"rendered":"<p>Impressum Angaben gem\u00e4\u00df \u00a7 5 DDG Anbieter:RARElab Science &amp; Conservation gUG (haftungsbeschr\u00e4nkt) i.Gr.Handelsregister: noch nicht eingetragen, da Gesellschaft in Gr\u00fcndung, Amtsgericht F\u00fcrstenfeldbruckGesch\u00e4ftsf\u00fchrer: Dr. Andrew J. Fairbairn &amp; Dr. Annika NeuhausWangener Str. 2, 82319 StarnbergDeutschland Kontakt:Telefon: 0176 0562 0194E-Mail: admin@rarelab.orgWebsite: www.rarelab.org Verantwortlich f\u00fcr den Inhalt nach \u00a7 18 Abs. 2 MStV:Dr. Andrew J. Fairbairn &amp; Dr. [&hellip;]<\/p>\n","protected":false},"author":1,"featured_media":0,"parent":0,"menu_order":0,"comment_status":"closed","ping_status":"closed","template":"","meta":{"nf_dc_page":"","iawp_total_views":65,"footnotes":"","_links_to":"","_links_to_target":""},"class_list":["post-667","page","type-page","status-publish","hentry"],"yoast_head":"<!-- This site is optimized with the Yoast SEO plugin v27.4 - https:\/\/yoast.com\/product\/yoast-seo-wordpress\/ -->\n<title>Impressum - RARElab<\/title>\n<meta name=\"robots\" content=\"index, follow, max-snippet:-1, max-image-preview:large, max-video-preview:-1\" \/>\n<link rel=\"canonical\" href=\"https:\/\/rarelab.org\/de\/impressum\/\" \/>\n<meta property=\"og:locale\" content=\"de_DE\" \/>\n<meta property=\"og:type\" content=\"article\" \/>\n<meta property=\"og:title\" content=\"Impressum - RARElab\" \/>\n<meta property=\"og:description\" content=\"Impressum Angaben gem\u00e4\u00df \u00a7 5 DDG Anbieter:RARElab Science &amp; Conservation gUG (haftungsbeschr\u00e4nkt) i.Gr.Handelsregister: noch nicht eingetragen, da Gesellschaft in Gr\u00fcndung, Amtsgericht F\u00fcrstenfeldbruckGesch\u00e4ftsf\u00fchrer: Dr. Andrew J. Fairbairn &amp; Dr. Annika NeuhausWangener Str. 2, 82319 StarnbergDeutschland Kontakt:Telefon: 0176 0562 0194E-Mail: admin@rarelab.orgWebsite: www.rarelab.org Verantwortlich f\u00fcr den Inhalt nach \u00a7 18 Abs. 2 MStV:Dr. Andrew J. Fairbairn &amp; Dr. [&hellip;]\" \/>\n<meta property=\"og:url\" content=\"https:\/\/rarelab.org\/de\/impressum\/\" \/>\n<meta property=\"og:site_name\" content=\"RARElab\" \/>\n<meta property=\"article:publisher\" content=\"https:\/\/www.facebook.com\/profile.php?id=61563934012394\" \/>\n<meta property=\"article:modified_time\" content=\"2026-04-02T08:58:43+00:00\" \/>\n<meta name=\"twitter:card\" content=\"summary_large_image\" \/>\n<meta name=\"twitter:site\" content=\"@RARElab_org\" \/>\n<meta name=\"twitter:label1\" content=\"Gesch\u00e4tzte Lesezeit\" \/>\n\t<meta name=\"twitter:data1\" content=\"1\u00a0Minute\" \/>\n<script type=\"application\/ld+json\" class=\"yoast-schema-graph\">{\"@context\":\"https:\\\/\\\/schema.org\",\"@graph\":[{\"@type\":\"WebPage\",\"@id\":\"https:\\\/\\\/rarelab.org\\\/impressum\\\/\",\"url\":\"https:\\\/\\\/rarelab.org\\\/impressum\\\/\",\"name\":\"Impressum - RARElab\",\"isPartOf\":{\"@id\":\"https:\\\/\\\/woq.dcs.mybluehost.me\\\/#website\"},\"datePublished\":\"2025-04-27T06:09:36+00:00\",\"dateModified\":\"2026-04-02T08:58:43+00:00\",\"breadcrumb\":{\"@id\":\"https:\\\/\\\/rarelab.org\\\/impressum\\\/#breadcrumb\"},\"inLanguage\":\"de\",\"potentialAction\":[{\"@type\":\"ReadAction\",\"target\":[\"https:\\\/\\\/rarelab.org\\\/impressum\\\/\"]}]},{\"@type\":\"BreadcrumbList\",\"@id\":\"https:\\\/\\\/rarelab.org\\\/impressum\\\/#breadcrumb\",\"itemListElement\":[{\"@type\":\"ListItem\",\"position\":1,\"name\":\"Home\",\"item\":\"https:\\\/\\\/rarelab.org\\\/\"},{\"@type\":\"ListItem\",\"position\":2,\"name\":\"Impressum\"}]},{\"@type\":\"WebSite\",\"@id\":\"https:\\\/\\\/woq.dcs.mybluehost.me\\\/#website\",\"url\":\"https:\\\/\\\/woq.dcs.mybluehost.me\\\/\",\"name\":\"RARElab\",\"description\":\"Conduct cutting-edge research on lost, rare, and understudied species, transforming scientific discoveries into informed, targeted conservation strategies.\",\"publisher\":{\"@id\":\"https:\\\/\\\/woq.dcs.mybluehost.me\\\/#organization\"},\"potentialAction\":[{\"@type\":\"SearchAction\",\"target\":{\"@type\":\"EntryPoint\",\"urlTemplate\":\"https:\\\/\\\/woq.dcs.mybluehost.me\\\/?s={search_term_string}\"},\"query-input\":{\"@type\":\"PropertyValueSpecification\",\"valueRequired\":true,\"valueName\":\"search_term_string\"}}],\"inLanguage\":\"de\"},{\"@type\":\"Organization\",\"@id\":\"https:\\\/\\\/woq.dcs.mybluehost.me\\\/#organization\",\"name\":\"RARElab\",\"url\":\"https:\\\/\\\/woq.dcs.mybluehost.me\\\/\",\"logo\":{\"@type\":\"ImageObject\",\"inLanguage\":\"de\",\"@id\":\"https:\\\/\\\/woq.dcs.mybluehost.me\\\/#\\\/schema\\\/logo\\\/image\\\/\",\"url\":\"https:\\\/\\\/i0.wp.com\\\/rarelab.org\\\/wp-content\\\/uploads\\\/2024\\\/08\\\/logorarelab_no_textsvg-png.webp?fit=215%2C215&ssl=1\",\"contentUrl\":\"https:\\\/\\\/i0.wp.com\\\/rarelab.org\\\/wp-content\\\/uploads\\\/2024\\\/08\\\/logorarelab_no_textsvg-png.webp?fit=215%2C215&ssl=1\",\"width\":215,\"height\":215,\"caption\":\"RARElab\"},\"image\":{\"@id\":\"https:\\\/\\\/woq.dcs.mybluehost.me\\\/#\\\/schema\\\/logo\\\/image\\\/\"},\"sameAs\":[\"https:\\\/\\\/www.facebook.com\\\/profile.php?id=61563934012394\",\"https:\\\/\\\/x.com\\\/RARElab_org\"]}]}<\/script>\n<!-- \/ Yoast SEO plugin. -->","yoast_head_json":{"title":"Impressum - RARElab","robots":{"index":"index","follow":"follow","max-snippet":"max-snippet:-1","max-image-preview":"max-image-preview:large","max-video-preview":"max-video-preview:-1"},"canonical":"https:\/\/rarelab.org\/de\/impressum\/","og_locale":"de_DE","og_type":"article","og_title":"Impressum - RARElab","og_description":"Impressum Angaben gem\u00e4\u00df \u00a7 5 DDG Anbieter:RARElab Science &amp; Conservation gUG (haftungsbeschr\u00e4nkt) i.Gr.Handelsregister: noch nicht eingetragen, da Gesellschaft in Gr\u00fcndung, Amtsgericht F\u00fcrstenfeldbruckGesch\u00e4ftsf\u00fchrer: Dr. Andrew J. Fairbairn &amp; Dr. Annika NeuhausWangener Str. 2, 82319 StarnbergDeutschland Kontakt:Telefon: 0176 0562 0194E-Mail: admin@rarelab.orgWebsite: www.rarelab.org Verantwortlich f\u00fcr den Inhalt nach \u00a7 18 Abs. 2 MStV:Dr. Andrew J. Fairbairn &amp; Dr. [&hellip;]","og_url":"https:\/\/rarelab.org\/de\/impressum\/","og_site_name":"RARElab","article_publisher":"https:\/\/www.facebook.com\/profile.php?id=61563934012394","article_modified_time":"2026-04-02T08:58:43+00:00","twitter_card":"summary_large_image","twitter_site":"@RARElab_org","twitter_misc":{"Gesch\u00e4tzte Lesezeit":"1\u00a0Minute"},"schema":{"@context":"https:\/\/schema.org","@graph":[{"@type":"WebPage","@id":"https:\/\/rarelab.org\/impressum\/","url":"https:\/\/rarelab.org\/impressum\/","name":"Impressum - RARElab","isPartOf":{"@id":"https:\/\/woq.dcs.mybluehost.me\/#website"},"datePublished":"2025-04-27T06:09:36+00:00","dateModified":"2026-04-02T08:58:43+00:00","breadcrumb":{"@id":"https:\/\/rarelab.org\/impressum\/#breadcrumb"},"inLanguage":"de","potentialAction":[{"@type":"ReadAction","target":["https:\/\/rarelab.org\/impressum\/"]}]},{"@type":"BreadcrumbList","@id":"https:\/\/rarelab.org\/impressum\/#breadcrumb","itemListElement":[{"@type":"ListItem","position":1,"name":"Home","item":"https:\/\/rarelab.org\/"},{"@type":"ListItem","position":2,"name":"Impressum"}]},{"@type":"WebSite","@id":"https:\/\/woq.dcs.mybluehost.me\/#website","url":"https:\/\/woq.dcs.mybluehost.me\/","name":"RARElab","description":"Conduct cutting-edge research on lost, rare, and understudied species, transforming scientific discoveries into informed, targeted conservation strategies.","publisher":{"@id":"https:\/\/woq.dcs.mybluehost.me\/#organization"},"potentialAction":[{"@type":"SearchAction","target":{"@type":"EntryPoint","urlTemplate":"https:\/\/woq.dcs.mybluehost.me\/?s={search_term_string}"},"query-input":{"@type":"PropertyValueSpecification","valueRequired":true,"valueName":"search_term_string"}}],"inLanguage":"de"},{"@type":"Organization","@id":"https:\/\/woq.dcs.mybluehost.me\/#organization","name":"RARElab","url":"https:\/\/woq.dcs.mybluehost.me\/","logo":{"@type":"ImageObject","inLanguage":"de","@id":"https:\/\/woq.dcs.mybluehost.me\/#\/schema\/logo\/image\/","url":"https:\/\/i0.wp.com\/rarelab.org\/wp-content\/uploads\/2024\/08\/logorarelab_no_textsvg-png.webp?fit=215%2C215&ssl=1","contentUrl":"https:\/\/i0.wp.com\/rarelab.org\/wp-content\/uploads\/2024\/08\/logorarelab_no_textsvg-png.webp?fit=215%2C215&ssl=1","width":215,"height":215,"caption":"RARElab"},"image":{"@id":"https:\/\/woq.dcs.mybluehost.me\/#\/schema\/logo\/image\/"},"sameAs":["https:\/\/www.facebook.com\/profile.php?id=61563934012394","https:\/\/x.com\/RARElab_org"]}]}},"_links":{"self":[{"href":"https:\/\/rarelab.org\/de\/wp-json\/wp\/v2\/pages\/667","targetHints":{"allow":["GET"]}}],"collection":[{"href":"https:\/\/rarelab.org\/de\/wp-json\/wp\/v2\/pages"}],"about":[{"href":"https:\/\/rarelab.org\/de\/wp-json\/wp\/v2\/types\/page"}],"author":[{"embeddable":true,"href":"https:\/\/rarelab.org\/de\/wp-json\/wp\/v2\/users\/1"}],"replies":[{"embeddable":true,"href":"https:\/\/rarelab.org\/de\/wp-json\/wp\/v2\/comments?post=667"}],"version-history":[{"count":7,"href":"https:\/\/rarelab.org\/de\/wp-json\/wp\/v2\/pages\/667\/revisions"}],"predecessor-version":[{"id":767,"href":"https:\/\/rarelab.org\/de\/wp-json\/wp\/v2\/pages\/667\/revisions\/767"}],"wp:attachment":[{"href":"https:\/\/rarelab.org\/de\/wp-json\/wp\/v2\/media?parent=667"}],"curies":[{"name":"wp","href":"https:\/\/api.w.org\/{rel}","templated":true}]}}